{"id":136,"date":"2016-11-01T15:42:53","date_gmt":"2016-11-01T15:42:53","guid":{"rendered":"http:\/\/bridge87.qodeinteractive.com\/?page_id=136"},"modified":"2025-11-05T19:42:44","modified_gmt":"2025-11-05T19:42:44","slug":"acerca","status":"publish","type":"page","link":"https:\/\/agronegocios.uanl.mx\/index.php\/acerca\/","title":{"rendered":"Acerca de"},"content":{"rendered":"<div class=\"wpb-content-wrapper\"><p>[vc_row css_animation=\u00bb\u00bb row_type=\u00bbrow\u00bb use_row_as_full_screen_section=\u00bbno\u00bb type=\u00bbgrid\u00bb angled_section=\u00bbno\u00bb text_align=\u00bbleft\u00bb background_image_as_pattern=\u00bbwithout_pattern\u00bb][vc_column width=\u00bb1\/2&#8243;][vc_column_text css=\u00bb\u00bb]<\/p>\n<p class=\"MsoNoSpacing\">El Centro de Desarrollo de Agronegocios (CDA) de la Universidad Aut\u00f3noma de Nuevo Le\u00f3n es una dependencia universitaria creada el 8 de septiembre de 2008, con la finalidad de brindar soporte a productores, empresas y organizaciones del \u00e1mbito agroalimentario y agroindustrial, con el prop\u00f3sito de generar agronegocios competitivos que contribuyan al desarrollo sustentable de los territorios rurales y periurbanos.<\/p>\n<p class=\"MsoNoSpacing\">El CDA cuenta con los espacios necesarios para desarrollar sus actividades de Incubaci\u00f3n, Extensionismo, Gestor\u00eda y Financiamiento, I+D, Asesor\u00eda, Consultor\u00eda y Capacitaci\u00f3n, con entidades educativas, gubernamentales, p\u00fablicas y privadas.<\/p>\n<p>[\/vc_column_text][\/vc_column][vc_column width=\u00bb1\/2&#8243;][vc_column_text css=\u00bb\u00bb]<\/p>\n<p class=\"MsoNoSpacing\"><span style=\"mso-fareast-language: ES-MX;\">El CDA desarrolla canales para la comercializaci\u00f3n de insumos y productos; crea programas de capacitaci\u00f3n dirigidos a productores rurales, con el objetivo de mejorar los procesos de producci\u00f3n de sus empresas; vincula a los estudiantes con los procesos de producci\u00f3n y comercializaci\u00f3n en los agronegocios; y colabora con la industria privada, as\u00ed como con los gobiernos municipales, estatales y federales, en la detecci\u00f3n y soluci\u00f3n de problem\u00e1ticas relacionadas con el sector.<\/span><\/p>\n<p>[\/vc_column_text][\/vc_column][\/vc_row][vc_row css_animation=\u00bb\u00bb row_type=\u00bbrow\u00bb use_row_as_full_screen_section=\u00bbno\u00bb type=\u00bbgrid\u00bb angled_section=\u00bbno\u00bb text_align=\u00bbleft\u00bb background_image_as_pattern=\u00bbwithout_pattern\u00bb css=\u00bb.vc_custom_1478016476526{padding-top: 73px !important;padding-bottom: 45px !important;}\u00bb][vc_column offset=\u00bbvc_col-lg-4 vc_col-md-4&#8243;][vc_single_image image=\u00bb16643&#8243; img_size=\u00bbfull\u00bb css=\u00bb\u00bb qode_css_animation=\u00bb\u00bb][vc_empty_space][vc_column_text]<\/p>\n<h4>Misi\u00f3n<\/h4>\n<p>[\/vc_column_text][vc_empty_space height=\u00bb13px\u00bb][vc_column_text css=\u00bb\u00bb]<\/p>\n<p><span style=\"font-size: 11.0pt; line-height: 107%; font-family: 'Calibri',sans-serif; mso-ascii-theme-font: minor-latin; mso-fareast-font-family: Calibri; mso-fareast-theme-font: minor-latin; mso-hansi-theme-font: minor-latin; mso-bidi-font-family: 'Times New Roman'; mso-bidi-theme-font: minor-bidi; mso-ansi-language: ES-MX; mso-fareast-language: EN-US; mso-bidi-language: AR-SA;\">Impulsar la innovaci\u00f3n y desarrollo en los agronegocios mediante servicios de calidad para posicionar competitivamente a los estudiantes, egresados, extensionistas e investigadores de la UANL a trav\u00e9s de un modelo de responsabilidad social universitaria.<\/span><\/p>\n<p>[\/vc_column_text][vc_empty_space height=\u00bb60px\u00bb][\/vc_column][vc_column offset=\u00bbvc_col-lg-4 vc_col-md-4&#8243;][vc_single_image image=\u00bb16476&#8243; img_size=\u00bbfull\u00bb qode_css_animation=\u00bb\u00bb][vc_empty_space][vc_column_text]<\/p>\n<h4>Visi\u00f3n<\/h4>\n<p>[\/vc_column_text][vc_empty_space height=\u00bb13px\u00bb][vc_column_text css=\u00bb\u00bb]<\/p>\n<p class=\"MsoNoSpacing\">Ser el Centro Universitario socialmente responsable de apoyo agroempresarial l\u00edder a nivel nacional, caracterizado por sus casos de \u00e9xito, sustentables e innovadores, para la transformaci\u00f3n de los agronegocios.<\/p>\n<p>[\/vc_column_text][vc_empty_space height=\u00bb60px\u00bb][\/vc_column][vc_column offset=\u00bbvc_col-lg-4 vc_col-md-4&#8243;][vc_single_image image=\u00bb16477&#8243; img_size=\u00bbfull\u00bb qode_css_animation=\u00bb\u00bb][vc_empty_space][vc_column_text]<\/p>\n<h4>Funciones<\/h4>\n<p>[\/vc_column_text][vc_empty_space height=\u00bb13px\u00bb][vc_column_text]<\/p>\n<ul>\n<li>Fomentar una cultura de empresarialidad en los agronegocios.<\/li>\n<li>Estimular la rentabilidad y productividad de los agronegocios.<\/li>\n<li>Atacar las problem\u00e1ticas y \u00e1reas de oportunidad identificadas en las cadenas de valor Agroindustriales.<\/li>\n<li>Brindar servicios de extesionismo universitario para innovar en los procesos productivos de los agronegocios.<\/li>\n<li>Gestionar apoyos y financiamiento para los agroemprendedores<\/li>\n<\/ul>\n<p>[\/vc_column_text][vc_empty_space height=\u00bb60px\u00bb][\/vc_column][\/vc_row]<\/p>\n<\/div>","protected":false},"excerpt":{"rendered":"<p>[vc_row css_animation=\u00bb\u00bb row_type=\u00bbrow\u00bb use_row_as_full_screen_section=\u00bbno\u00bb type=\u00bbgrid\u00bb angled_section=\u00bbno\u00bb text_align=\u00bbleft\u00bb background_image_as_pattern=\u00bbwithout_pattern\u00bb][vc_column width=\u00bb1\/2&#8243;][vc_column_text css=\u00bb\u00bb] El Centro de Desarrollo de Agronegocios (CDA) de la Universidad Aut\u00f3noma de Nuevo Le\u00f3n es una dependencia universitaria creada el 8 de septiembre de 2008, con la finalidad de brindar soporte a productores, empresas y&#8230;<\/p>\n","protected":false},"author":1,"featured_media":0,"parent":0,"menu_order":0,"comment_status":"closed","ping_status":"closed","template":"full_width.php","meta":{"footnotes":""},"class_list":["post-136","page","type-page","status-publish","hentry"],"_links":{"self":[{"href":"https:\/\/agronegocios.uanl.mx\/index.php\/wp-json\/wp\/v2\/pages\/136","targetHints":{"allow":["GET"]}}],"collection":[{"href":"https:\/\/agronegocios.uanl.mx\/index.php\/wp-json\/wp\/v2\/pages"}],"about":[{"href":"https:\/\/agronegocios.uanl.mx\/index.php\/wp-json\/wp\/v2\/types\/page"}],"author":[{"embeddable":true,"href":"https:\/\/agronegocios.uanl.mx\/index.php\/wp-json\/wp\/v2\/users\/1"}],"replies":[{"embeddable":true,"href":"https:\/\/agronegocios.uanl.mx\/index.php\/wp-json\/wp\/v2\/comments?post=136"}],"version-history":[{"count":11,"href":"https:\/\/agronegocios.uanl.mx\/index.php\/wp-json\/wp\/v2\/pages\/136\/revisions"}],"predecessor-version":[{"id":16678,"href":"https:\/\/agronegocios.uanl.mx\/index.php\/wp-json\/wp\/v2\/pages\/136\/revisions\/16678"}],"wp:attachment":[{"href":"https:\/\/agronegocios.uanl.mx\/index.php\/wp-json\/wp\/v2\/media?parent=136"}],"curies":[{"name":"wp","href":"https:\/\/api.w.org\/{rel}","templated":true}]}}