{"id":16371,"date":"2016-11-02T08:49:58","date_gmt":"2016-11-02T08:49:58","guid":{"rendered":"http:\/\/bridge87.qodeinteractive.com\/?page_id=151"},"modified":"2017-07-28T20:30:21","modified_gmt":"2017-07-28T20:30:21","slug":"contacto","status":"publish","type":"page","link":"https:\/\/agronegocios.uanl.mx\/index.php\/contacto\/","title":{"rendered":"Contacto"},"content":{"rendered":"<div class=\"wpb-content-wrapper\"><p>[vc_row css_animation=\u00bb\u00bb row_type=\u00bbrow\u00bb use_row_as_full_screen_section=\u00bbno\u00bb type=\u00bbgrid\u00bb angled_section=\u00bbno\u00bb text_align=\u00bbleft\u00bb background_image_as_pattern=\u00bbwithout_pattern\u00bb css=\u00bb.vc_custom_1501273686837{padding-top: 50px !important;padding-bottom: 37px !important;}\u00bb][vc_column width=\u00bb1\/4&#8243;]<span data-type=\"circle\" data-hover-bg-color=\"#ffffff\" data-hover-icon-color=\"#930101\" class=\"qode_icon_shortcode fa-stack q_font_awsome_icon_stack fa-lg pull-center \" style=\"font-size: 35px;font-size: 51px; \"><i class=\"fa fa-circle fa-stack-base fa-stack-2x\" style=\"color: #ffffff;\"><\/i><span aria-hidden=\"true\" class=\"qode_icon_font_elegant icon_pin qode_icon_element fa-stack-1x\" style=\"font-size: 35px;color: #c50000;\" ><\/span><\/span>[vc_empty_space height=\u00bb20px\u00bb][vc_column_text]<\/p>\n<h4 style=\"text-align: center;\">Direcci\u00f3n<\/h4>\n<p>[\/vc_column_text][vc_empty_space height=\u00bb14px\u00bb][vc_column_text]<\/p>\n<p style=\"text-align: center;\">Campus de Ciencias Agropecuarias, UANL.<br \/>\nAv. Francisco Villa S\/N, Col. Ex Hacienda El Canad\u00e1, C.P. 66050, General Escobedo, Nuevo Le\u00f3n, M\u00e9xico.<\/p>\n<p>[\/vc_column_text][vc_empty_space height=\u00bb50px\u00bb][\/vc_column][vc_column width=\u00bb1\/4&#8243;]<span data-type=\"circle\" data-hover-bg-color=\"#ffffff\" data-hover-icon-color=\"#930101\" class=\"qode_icon_shortcode fa-stack q_font_awsome_icon_stack fa-lg pull-center \" style=\"font-size: 35px;font-size: 51px; \"><i class=\"fa fa-circle fa-stack-base fa-stack-2x\" style=\"color: #ffffff;\"><\/i><span aria-hidden=\"true\" class=\"qode_icon_font_elegant icon_phone qode_icon_element fa-stack-1x\" style=\"font-size: 35px;color: #c50000;\" ><\/span><\/span>[vc_empty_space height=\u00bb20px\u00bb][vc_column_text]<\/p>\n<h4 style=\"text-align: center;\">Tel\u00e9fonos<\/h4>\n<p>[\/vc_column_text][vc_empty_space height=\u00bb14px\u00bb][vc_column_text]<\/p>\n<p style=\"text-align: center;\">+52 (81) 1340 4405<br \/>\nExt. 3539<\/p>\n<p>[\/vc_column_text][vc_empty_space height=\u00bb50px\u00bb][\/vc_column][vc_column width=\u00bb1\/2&#8243;][vc_column_text]<\/p>\n<h4>Instalaciones<\/h4>\n<p>[\/vc_column_text][vc_empty_space height=\u00bb27px\u00bb]<div class='google_map_shortcode_holder' style='height:397px;'><div class='qode_google_map' style='height:397px;' id='map_canvas_78262' data-addresses='[\"Av. Francisco Villa S\/N, Col. Ex Hacienda El Canad\u00e1, C.P. 66050, General Escobedo, Nuevo Le\u00f3n, M\u00e9xico.\"]' data-custom-map-style='false' data-color-overlay='#393939' data-saturation='-100' data-lightness='-60' data-zoom='16' data-pin='https:\/\/agronegocios.uanl.mx\/wp-content\/uploads\/2016\/11\/pin-1.png' data-unique-id='78262' data-google-maps-scroll-wheel='false' data-snazzy-map-style='no' data-map-height='397'><\/div><div class='google_map_shortcode_overlay'><\/div><\/div>[vc_empty_space height=\u00bb60px\u00bb][\/vc_column][\/vc_row]<\/p>\n<\/div>","protected":false},"excerpt":{"rendered":"<p>[vc_row css_animation=\u00bb\u00bb row_type=\u00bbrow\u00bb use_row_as_full_screen_section=\u00bbno\u00bb type=\u00bbgrid\u00bb angled_section=\u00bbno\u00bb text_align=\u00bbleft\u00bb background_image_as_pattern=\u00bbwithout_pattern\u00bb css=\u00bb.vc_custom_1501273686837{padding-top: 50px !important;padding-bottom: 37px !important;}\u00bb][vc_column width=\u00bb1\/4&#8243;][vc_empty_space height=\u00bb20px\u00bb][vc_column_text] Direcci\u00f3n [\/vc_column_text][vc_empty_space height=\u00bb14px\u00bb][vc_column_text] Campus de Ciencias Agropecuarias, UANL. Av. Francisco Villa S\/N, Col. Ex Hacienda El Canad\u00e1, C.P. 66050, General Escobedo, Nuevo Le\u00f3n, M\u00e9xico. [\/vc_column_text][vc_empty_space height=\u00bb50px\u00bb][\/vc_column][vc_column width=\u00bb1\/4&#8243;][vc_empty_space height=\u00bb20px\u00bb][vc_column_text] Tel\u00e9fonos [\/vc_column_text][vc_empty_space&#8230;<\/p>\n","protected":false},"author":1,"featured_media":0,"parent":0,"menu_order":0,"comment_status":"closed","ping_status":"closed","template":"full_width.php","meta":{"footnotes":""},"class_list":["post-16371","page","type-page","status-publish","hentry"],"_links":{"self":[{"href":"https:\/\/agronegocios.uanl.mx\/index.php\/wp-json\/wp\/v2\/pages\/16371","targetHints":{"allow":["GET"]}}],"collection":[{"href":"https:\/\/agronegocios.uanl.mx\/index.php\/wp-json\/wp\/v2\/pages"}],"about":[{"href":"https:\/\/agronegocios.uanl.mx\/index.php\/wp-json\/wp\/v2\/types\/page"}],"author":[{"embeddable":true,"href":"https:\/\/agronegocios.uanl.mx\/index.php\/wp-json\/wp\/v2\/users\/1"}],"replies":[{"embeddable":true,"href":"https:\/\/agronegocios.uanl.mx\/index.php\/wp-json\/wp\/v2\/comments?post=16371"}],"version-history":[{"count":8,"href":"https:\/\/agronegocios.uanl.mx\/index.php\/wp-json\/wp\/v2\/pages\/16371\/revisions"}],"predecessor-version":[{"id":16559,"href":"https:\/\/agronegocios.uanl.mx\/index.php\/wp-json\/wp\/v2\/pages\/16371\/revisions\/16559"}],"wp:attachment":[{"href":"https:\/\/agronegocios.uanl.mx\/index.php\/wp-json\/wp\/v2\/media?parent=16371"}],"curies":[{"name":"wp","href":"https:\/\/api.w.org\/{rel}","templated":true}]}}