{"id":16483,"date":"2017-07-27T17:02:08","date_gmt":"2017-07-27T17:02:08","guid":{"rendered":"https:\/\/agronegocios.uanl.mx\/?page_id=16483"},"modified":"2025-07-03T16:19:13","modified_gmt":"2025-07-03T16:19:13","slug":"temas-y-estrategias","status":"publish","type":"page","link":"https:\/\/agronegocios.uanl.mx\/index.php\/temas-y-estrategias\/","title":{"rendered":"Temas y Estrategias"},"content":{"rendered":"<div class=\"wpb-content-wrapper\"><p>[vc_row css_animation=\u00bb\u00bb row_type=\u00bbrow\u00bb use_row_as_full_screen_section=\u00bbno\u00bb type=\u00bbgrid\u00bb angled_section=\u00bbno\u00bb text_align=\u00bbleft\u00bb background_image_as_pattern=\u00bbwithout_pattern\u00bb][vc_column width=\u00bb1\/2&#8243;][vc_single_image image=\u00bb16487&#8243; img_size=\u00bbfull\u00bb qode_css_animation=\u00bb\u00bb][\/vc_column][vc_column width=\u00bb1\/2&#8243;][vc_column_text]<\/p>\n<h4>Temas prioritarios<\/h4>\n<p>[\/vc_column_text][vc_empty_space height=\u00bb20px\u00bb]<div class=\"q_icon_list\"><i class=\"qode_icon_font_awesome fa fa-arrow-right qode-ili-icon-holder transparent\" style=\"color: #c50000;\" ><\/i><p style=\"color:#5b5b5b;\">Competitividad de los productores y las cadenas de valor<\/p><\/div><div class=\"q_icon_list\"><i class=\"qode_icon_font_awesome fa fa-arrow-right qode-ili-icon-holder transparent\" style=\"color: #c50000;\" ><\/i><p style=\"color:#5b5b5b;\">Adopci\u00f3n, validaci\u00f3n y acceso a las innovaciones de mejora competitiva.<\/p><\/div><div class=\"q_icon_list\"><i class=\"qode_icon_font_awesome fa fa-arrow-right qode-ili-icon-holder transparent\" style=\"color: #c50000;\" ><\/i><p style=\"color:#5b5b5b;\">Fortalecimiento de agronegocios micro, peque\u00f1os y medianos.<\/p><\/div><div class=\"q_icon_list\"><i class=\"qode_icon_font_awesome fa fa-arrow-right qode-ili-icon-holder transparent\" style=\"color: #c50000;\" ><\/i><p style=\"color:#5b5b5b;\">Fortalecimiento de la formaci\u00f3n de los estudiantes del \u00e1rea Agropecuaria, Social, Administrativa y de Negocios.<\/p><\/div><div class=\"q_icon_list\"><i class=\"qode_icon_font_awesome fa fa-arrow-right qode-ili-icon-holder transparent\" style=\"color: #c50000;\" ><\/i><p style=\"color:#5b5b5b;\">Investigaci\u00f3n para el desarrollo de agronegocios.<\/p><\/div>[\/vc_column][\/vc_row][vc_row css_animation=\u00bb\u00bb row_type=\u00bbrow\u00bb use_row_as_full_screen_section=\u00bbno\u00bb type=\u00bbfull_width\u00bb angled_section=\u00bbno\u00bb text_align=\u00bbleft\u00bb background_image_as_pattern=\u00bbwithout_pattern\u00bb css=\u00bb.vc_custom_1501175199792{background-color: #ffffff !important;}\u00bb][vc_column][vc_row_inner row_type=\u00bbrow\u00bb type=\u00bbgrid\u00bb text_align=\u00bbleft\u00bb css_animation=\u00bb\u00bb][vc_column_inner][vc_empty_space height=\u00bb30px\u00bb][vc_column_text]<\/p>\n<h4>Estrategias<\/h4>\n<p>[\/vc_column_text][vc_empty_space height=\u00bb20px\u00bb]<div class='q_list circle animate_list'><\/p>\n<ul>\n<li>Articular modelos de negocios con alta perspectiva de \u00e9xito.<\/li>\n<li>Apoyar a los agroemprendores en la incubaci\u00f3n de sus nuevos negocios.<\/li>\n<li>Desarrollar capacidades en nuestros sujetos de atenci\u00f3n para mejorar la situaci\u00f3n del entorno en base a sus problem\u00e1ticas.<\/li>\n<li>Establecer canales de comercializaci\u00f3n y distribuci\u00f3n para los productos y servicios de los agronegocios atendidos.<\/li>\n<li>Colaborar con otras dependencias de la UANL para la gesti\u00f3n y desarrollo de los agronegocios.<\/li>\n<li>Vincular a los estudiantes, gobierno e iniciativa privada con los agronegocios emergentes o en consolidaci\u00f3n atendidos.<\/li>\n<li>Fomentar el desarrollo econ\u00f3mico y comunitario en los territorios para mejorar las condiciones de vida de los productores rurales.<\/li>\n<li>Desarrollar nuevos proveedores para los agronegocios.<\/li>\n<li>Fomentar el intercambio de experiencias exitosas entre los agronegocios.<\/li>\n<\/ul>\n<p><\/div>[vc_empty_space height=\u00bb20px\u00bb][\/vc_column_inner][\/vc_row_inner][\/vc_column][\/vc_row]<\/p>\n<\/div>","protected":false},"excerpt":{"rendered":"<p>[vc_row css_animation=\u00bb\u00bb row_type=\u00bbrow\u00bb use_row_as_full_screen_section=\u00bbno\u00bb type=\u00bbgrid\u00bb angled_section=\u00bbno\u00bb text_align=\u00bbleft\u00bb background_image_as_pattern=\u00bbwithout_pattern\u00bb][vc_column width=\u00bb1\/2&#8243;][vc_single_image image=\u00bb16487&#8243; img_size=\u00bbfull\u00bb qode_css_animation=\u00bb\u00bb][\/vc_column][vc_column width=\u00bb1\/2&#8243;][vc_column_text] Temas prioritarios [\/vc_column_text][vc_empty_space height=\u00bb20px\u00bb][\/vc_column][\/vc_row][vc_row css_animation=\u00bb\u00bb row_type=\u00bbrow\u00bb use_row_as_full_screen_section=\u00bbno\u00bb type=\u00bbfull_width\u00bb angled_section=\u00bbno\u00bb text_align=\u00bbleft\u00bb background_image_as_pattern=\u00bbwithout_pattern\u00bb css=\u00bb.vc_custom_1501175199792{background-color: #ffffff !important;}\u00bb][vc_column][vc_row_inner row_type=\u00bbrow\u00bb type=\u00bbgrid\u00bb text_align=\u00bbleft\u00bb css_animation=\u00bb\u00bb][vc_column_inner][vc_empty_space height=\u00bb30px\u00bb][vc_column_text] Estrategias [\/vc_column_text][vc_empty_space height=\u00bb20px\u00bb][vc_empty_space height=\u00bb20px\u00bb][\/vc_column_inner][\/vc_row_inner][\/vc_column][\/vc_row]<\/p>\n","protected":false},"author":1,"featured_media":0,"parent":0,"menu_order":0,"comment_status":"closed","ping_status":"closed","template":"","meta":{"footnotes":""},"class_list":["post-16483","page","type-page","status-publish","hentry"],"_links":{"self":[{"href":"https:\/\/agronegocios.uanl.mx\/index.php\/wp-json\/wp\/v2\/pages\/16483","targetHints":{"allow":["GET"]}}],"collection":[{"href":"https:\/\/agronegocios.uanl.mx\/index.php\/wp-json\/wp\/v2\/pages"}],"about":[{"href":"https:\/\/agronegocios.uanl.mx\/index.php\/wp-json\/wp\/v2\/types\/page"}],"author":[{"embeddable":true,"href":"https:\/\/agronegocios.uanl.mx\/index.php\/wp-json\/wp\/v2\/users\/1"}],"replies":[{"embeddable":true,"href":"https:\/\/agronegocios.uanl.mx\/index.php\/wp-json\/wp\/v2\/comments?post=16483"}],"version-history":[{"count":15,"href":"https:\/\/agronegocios.uanl.mx\/index.php\/wp-json\/wp\/v2\/pages\/16483\/revisions"}],"predecessor-version":[{"id":16578,"href":"https:\/\/agronegocios.uanl.mx\/index.php\/wp-json\/wp\/v2\/pages\/16483\/revisions\/16578"}],"wp:attachment":[{"href":"https:\/\/agronegocios.uanl.mx\/index.php\/wp-json\/wp\/v2\/media?parent=16483"}],"curies":[{"name":"wp","href":"https:\/\/api.w.org\/{rel}","templated":true}]}}