{"id":16635,"date":"2025-10-29T16:56:11","date_gmt":"2025-10-29T16:56:11","guid":{"rendered":"https:\/\/agronegocios.uanl.mx\/?page_id=16635"},"modified":"2025-10-30T15:45:32","modified_gmt":"2025-10-30T15:45:32","slug":"agrotianguis","status":"publish","type":"page","link":"https:\/\/agronegocios.uanl.mx\/index.php\/agrotianguis\/","title":{"rendered":"Agrotianguis"},"content":{"rendered":"<div class=\"wpb-content-wrapper\"><p>[vc_row css_animation=\u00bb\u00bb row_type=\u00bbrow\u00bb use_row_as_full_screen_section=\u00bbno\u00bb type=\u00bbfull_width\u00bb angled_section=\u00bbno\u00bb text_align=\u00bbleft\u00bb background_image_as_pattern=\u00bbwithout_pattern\u00bb][vc_column][\/vc_column][\/vc_row][vc_row css_animation=\u00bb\u00bb row_type=\u00bbrow\u00bb use_row_as_full_screen_section=\u00bbno\u00bb type=\u00bbfull_width\u00bb angled_section=\u00bbno\u00bb text_align=\u00bbleft\u00bb background_image_as_pattern=\u00bbwithout_pattern\u00bb][vc_column][vc_single_image image=\u00bb16620&#8243; img_size=\u00bbfull\u00bb css=\u00bb\u00bb qode_css_animation=\u00bb\u00bb][vc_separator type=\u00bbnormal\u00bb][vc_column_text css=\u00bb\u00bb]<\/p>\n<h2 style=\"text-align: center;\">Agrotianguis 2025<\/h2>\n<p>[\/vc_column_text][vc_separator type=\u00bbnormal\u00bb][\/vc_column][\/vc_row][vc_row css_animation=\u00bb\u00bb row_type=\u00bbrow\u00bb use_row_as_full_screen_section=\u00bbno\u00bb type=\u00bbfull_width\u00bb angled_section=\u00bbno\u00bb text_align=\u00bbleft\u00bb background_image_as_pattern=\u00bbwithout_pattern\u00bb][vc_column][vc_column_text css=\u00bb\u00bb]<\/p>\n<p><strong>Agrotianguis es un espacio impulsado por la Universidad Aut\u00f3noma de Nuevo Le\u00f3n, a trav\u00e9s del Centro de Desarrollo de Agronegocios.<\/strong><\/p>\n<p>[\/vc_column_text][vc_empty_space][\/vc_column][\/vc_row][vc_row css_animation=\u00bb\u00bb row_type=\u00bbrow\u00bb use_row_as_full_screen_section=\u00bbno\u00bb type=\u00bbfull_width\u00bb angled_section=\u00bbno\u00bb text_align=\u00bbleft\u00bb background_image_as_pattern=\u00bbwithout_pattern\u00bb][vc_column width=\u00bb1\/3&#8243;][vc_column_text css=\u00bb\u00bb]<\/p>\n<p><strong>Historia<\/strong><\/p>\n<p>[\/vc_column_text][vc_column_text css=\u00bb\u00bb]<\/p>\n<p>Con una trayectoria de 8 a\u00f1os el CDA ha realizado con \u00e9xito m\u00faltiples Agrotianguis, con la excelente respuesta de expositores y visitantes.<\/p>\n<p>[\/vc_column_text][\/vc_column][vc_column width=\u00bb1\/3&#8243;][vc_column_text css=\u00bb\u00bb]<\/p>\n<p><strong>Alcance<\/strong><\/p>\n<p>[\/vc_column_text][vc_column_text css=\u00bb\u00bb]<\/p>\n<p>Con m\u00e1s de 90 agroemprendedores locales cada edici\u00f3n del Agrotianguis se convierte en un laboratorio practico de validaci\u00f3n de productos.<\/p>\n<p>Recibiendo al menos 1,200 asistentes de la sociedad y la comunidad universitaria.&nbsp;<\/p>\n<p>&nbsp;<\/p>\n<p>[\/vc_column_text][\/vc_column][vc_column width=\u00bb1\/3&#8243;][vc_column_text css=\u00bb\u00bb]<\/p>\n<p><strong>Objetivos<\/strong><\/p>\n<p>[\/vc_column_text][vc_column_text css=\u00bb\u00bb]<\/p>\n<p>Que los productores en el proceso de incubaci\u00f3n y aceleraci\u00f3n de su negocio en el CDA puedan vincularse al mercado.<\/p>\n<p>Involucrar estudiantes en los planes de negocio y dise\u00f1o de nuevos productos agroalimentarios.<\/p>\n<p>Incentivar en la sociedad y la comunidad universitaria el consumo de productos locales, sanos y frescos.<\/p>\n<p>[\/vc_column_text][\/vc_column][\/vc_row][vc_row css_animation=\u00bb\u00bb row_type=\u00bbrow\u00bb use_row_as_full_screen_section=\u00bbno\u00bb type=\u00bbfull_width\u00bb angled_section=\u00bbno\u00bb text_align=\u00bbleft\u00bb background_image_as_pattern=\u00bbwithout_pattern\u00bb][vc_column][vc_empty_space][\/vc_column][\/vc_row][vc_row css_animation=\u00bb\u00bb row_type=\u00bbrow\u00bb use_row_as_full_screen_section=\u00bbno\u00bb type=\u00bbfull_width\u00bb angled_section=\u00bbno\u00bb text_align=\u00bbleft\u00bb background_image_as_pattern=\u00bbwithout_pattern\u00bb][vc_column]<div class='qode_image_gallery_no_space '><div class='qode_image_gallery_holder' style=''><ul  ><li  ><div style=\" width:1600px;\"><img decoding=\"async\" itemprop=\"image\" src=\"https:\/\/agronegocios.uanl.mx\/wp-content\/uploads\/2025\/10\/IMG-20251028-WA0009.jpg\" alt=\"\" \/><\/div><\/li><li  ><div style=\" width:1600px;\"><img decoding=\"async\" itemprop=\"image\" src=\"https:\/\/agronegocios.uanl.mx\/wp-content\/uploads\/2025\/10\/IMG-20251028-WA0008.jpg\" alt=\"\" \/><\/div><\/li><li  ><div style=\" width:1600px;\"><img decoding=\"async\" itemprop=\"image\" src=\"https:\/\/agronegocios.uanl.mx\/wp-content\/uploads\/2025\/10\/IMG-20251028-WA0007.jpg\" alt=\"\" \/><\/div><\/li><li  ><div style=\" width:1600px;\"><img decoding=\"async\" itemprop=\"image\" src=\"https:\/\/agronegocios.uanl.mx\/wp-content\/uploads\/2025\/10\/IMG-20251028-WA0006.jpg\" alt=\"\" \/><\/div><\/li><li  ><div style=\" width:1600px;\"><img decoding=\"async\" itemprop=\"image\" src=\"https:\/\/agronegocios.uanl.mx\/wp-content\/uploads\/2025\/10\/IMG-20251028-WA0005.jpg\" alt=\"\" \/><\/div><\/li><li  ><div style=\" width:1600px;\"><img decoding=\"async\" itemprop=\"image\" src=\"https:\/\/agronegocios.uanl.mx\/wp-content\/uploads\/2025\/10\/IMG-20251028-WA0004.jpg\" alt=\"\" \/><\/div><\/li><li  ><div style=\" width:1600px;\"><img decoding=\"async\" itemprop=\"image\" src=\"https:\/\/agronegocios.uanl.mx\/wp-content\/uploads\/2025\/10\/IMG-20251028-WA0003.jpg\" alt=\"\" \/><\/div><\/li><li  ><div style=\" width:1600px;\"><img decoding=\"async\" itemprop=\"image\" src=\"https:\/\/agronegocios.uanl.mx\/wp-content\/uploads\/2025\/10\/IMG-20251028-WA0002.jpg\" alt=\"\" \/><\/div><\/li><li  ><div style=\" width:1600px;\"><img decoding=\"async\" itemprop=\"image\" src=\"https:\/\/agronegocios.uanl.mx\/wp-content\/uploads\/2025\/10\/IMG-20251028-WA0001-1.jpg\" alt=\"\" \/><\/div><\/li><\/ul><\/div><div class=\"controls\"><a class=\"prev-slide\" href=\"#\"><span><i class=\"fa fa-angle-left\"><\/i><\/span><\/a><a class=\"next-slide\" href=\"#\"><span><i class=\"fa fa-angle-right\"><\/i><\/span><\/a><\/div><\/div>[\/vc_column][\/vc_row][vc_row css_animation=\u00bb\u00bb row_type=\u00bbrow\u00bb use_row_as_full_screen_section=\u00bbno\u00bb type=\u00bbfull_width\u00bb angled_section=\u00bbno\u00bb text_align=\u00bbleft\u00bb background_image_as_pattern=\u00bbwithout_pattern\u00bb][vc_column][vc_empty_space][\/vc_column][\/vc_row]<\/p>\n<\/div>","protected":false},"excerpt":{"rendered":"<p>[vc_row css_animation=\u00bb\u00bb row_type=\u00bbrow\u00bb use_row_as_full_screen_section=\u00bbno\u00bb type=\u00bbfull_width\u00bb angled_section=\u00bbno\u00bb text_align=\u00bbleft\u00bb background_image_as_pattern=\u00bbwithout_pattern\u00bb][vc_column][\/vc_column][\/vc_row][vc_row css_animation=\u00bb\u00bb row_type=\u00bbrow\u00bb use_row_as_full_screen_section=\u00bbno\u00bb type=\u00bbfull_width\u00bb angled_section=\u00bbno\u00bb text_align=\u00bbleft\u00bb background_image_as_pattern=\u00bbwithout_pattern\u00bb][vc_column][vc_single_image image=\u00bb16620&#8243; img_size=\u00bbfull\u00bb css=\u00bb\u00bb qode_css_animation=\u00bb\u00bb][vc_separator type=\u00bbnormal\u00bb][vc_column_text css=\u00bb\u00bb] Agrotianguis 2025 [\/vc_column_text][vc_separator type=\u00bbnormal\u00bb][\/vc_column][\/vc_row][vc_row css_animation=\u00bb\u00bb row_type=\u00bbrow\u00bb use_row_as_full_screen_section=\u00bbno\u00bb type=\u00bbfull_width\u00bb angled_section=\u00bbno\u00bb text_align=\u00bbleft\u00bb background_image_as_pattern=\u00bbwithout_pattern\u00bb][vc_column][vc_column_text css=\u00bb\u00bb] Agrotianguis es un espacio impulsado por la Universidad Aut\u00f3noma de Nuevo Le\u00f3n,&#8230;<\/p>\n","protected":false},"author":3,"featured_media":0,"parent":0,"menu_order":0,"comment_status":"closed","ping_status":"closed","template":"","meta":{"footnotes":""},"class_list":["post-16635","page","type-page","status-publish","hentry"],"_links":{"self":[{"href":"https:\/\/agronegocios.uanl.mx\/index.php\/wp-json\/wp\/v2\/pages\/16635","targetHints":{"allow":["GET"]}}],"collection":[{"href":"https:\/\/agronegocios.uanl.mx\/index.php\/wp-json\/wp\/v2\/pages"}],"about":[{"href":"https:\/\/agronegocios.uanl.mx\/index.php\/wp-json\/wp\/v2\/types\/page"}],"author":[{"embeddable":true,"href":"https:\/\/agronegocios.uanl.mx\/index.php\/wp-json\/wp\/v2\/users\/3"}],"replies":[{"embeddable":true,"href":"https:\/\/agronegocios.uanl.mx\/index.php\/wp-json\/wp\/v2\/comments?post=16635"}],"version-history":[{"count":4,"href":"https:\/\/agronegocios.uanl.mx\/index.php\/wp-json\/wp\/v2\/pages\/16635\/revisions"}],"predecessor-version":[{"id":16642,"href":"https:\/\/agronegocios.uanl.mx\/index.php\/wp-json\/wp\/v2\/pages\/16635\/revisions\/16642"}],"wp:attachment":[{"href":"https:\/\/agronegocios.uanl.mx\/index.php\/wp-json\/wp\/v2\/media?parent=16635"}],"curies":[{"name":"wp","href":"https:\/\/api.w.org\/{rel}","templated":true}]}}