{"id":16661,"date":"2025-11-05T19:33:47","date_gmt":"2025-11-05T19:33:47","guid":{"rendered":"https:\/\/agronegocios.uanl.mx\/?page_id=16661"},"modified":"2025-11-07T18:04:52","modified_gmt":"2025-11-07T18:04:52","slug":"educacion-permanente","status":"publish","type":"page","link":"https:\/\/agronegocios.uanl.mx\/index.php\/educacion-permanente\/","title":{"rendered":"Educaci\u00f3n Permanente"},"content":{"rendered":"<div class=\"wpb-content-wrapper\"><p>[vc_row css_animation=\u00bb\u00bb row_type=\u00bbrow\u00bb use_row_as_full_screen_section=\u00bbno\u00bb type=\u00bbfull_width\u00bb angled_section=\u00bbno\u00bb text_align=\u00bbleft\u00bb background_image_as_pattern=\u00bbwithout_pattern\u00bb][vc_column][vc_column_text css=\u00bb\u00bb]<\/p>\n<h2>Comprometidos con el aprendizaje a lo largo de la vida<\/h2>\n<p>[\/vc_column_text][vc_empty_space][\/vc_column][\/vc_row][vc_row css_animation=\u00bb\u00bb row_type=\u00bbrow\u00bb use_row_as_full_screen_section=\u00bbno\u00bb type=\u00bbfull_width\u00bb angled_section=\u00bbno\u00bb text_align=\u00bbleft\u00bb background_image_as_pattern=\u00bbwithout_pattern\u00bb][vc_column width=\u00bb1\/2&#8243;][vc_column_text css=\u00bb\u00bb]<\/p>\n<p class=\"MsoNoSpacing\" style=\"text-align: justify;\"><span style=\"mso-fareast-language: ES-TRAD;\">En el\u00a0<strong>Centro de Desarrollo de Agronegocios de la Universidad Aut\u00f3noma de Nuevo Le\u00f3n (CDA UANL) <\/strong>promovemos el fortalecimiento del talento humano como base del desarrollo del sector agroindustrial. Nuestra \u00e1rea de\u00a0<strong>Educaci\u00f3n Permanente <\/strong>tiene como objetivo impulsar la actualizaci\u00f3n, profesionalizaci\u00f3n y especializaci\u00f3n de estudiantes, egresados, productores y empresarios, mediante programas acad\u00e9micos enfocados en las necesidades reales del entorno productivo.<\/span><\/p>\n<p>[\/vc_column_text][\/vc_column][vc_column width=\u00bb1\/2&#8243;][vc_column_text css=\u00bb\u00bb]<\/p>\n<p class=\"MsoNoSpacing\" style=\"text-align: justify;\"><span style=\"mso-fareast-language: ES-TRAD;\">A trav\u00e9s de la capacitaci\u00f3n constante, buscamos que los participantes adquieran competencias t\u00e9cnicas, administrativas y estrat\u00e9gicas que les permitan mejorar su desempe\u00f1o, incorporar la innovaci\u00f3n en sus procesos y fortalecer la competitividad de sus empresas y organizaciones.<\/span><\/p>\n<p>[\/vc_column_text][\/vc_column][\/vc_row][vc_row css_animation=\u00bb\u00bb row_type=\u00bbrow\u00bb use_row_as_full_screen_section=\u00bbno\u00bb type=\u00bbfull_width\u00bb angled_section=\u00bbno\u00bb text_align=\u00bbleft\u00bb background_image_as_pattern=\u00bbwithout_pattern\u00bb][vc_column][vc_empty_space][\/vc_column][\/vc_row][vc_row css_animation=\u00bb\u00bb row_type=\u00bbrow\u00bb use_row_as_full_screen_section=\u00bbno\u00bb type=\u00bbfull_width\u00bb angled_section=\u00bbno\u00bb text_align=\u00bbleft\u00bb background_image_as_pattern=\u00bbwithout_pattern\u00bb][vc_column][vc_column_text css=\u00bb\u00bb]<\/p>\n<h2>Nuestra oferta de formaci\u00f3n<\/h2>\n<p>[\/vc_column_text][vc_empty_space][\/vc_column][\/vc_row][vc_row css_animation=\u00bb\u00bb row_type=\u00bbrow\u00bb use_row_as_full_screen_section=\u00bbno\u00bb type=\u00bbgrid\u00bb angled_section=\u00bbno\u00bb text_align=\u00bbleft\u00bb background_image_as_pattern=\u00bbwithout_pattern\u00bb z_index=\u00bb\u00bb][vc_column width=\u00bb1\/2&#8243;][vc_column_text css=\u00bb\u00bb]<\/p>\n<p class=\"MsoNoSpacing\" style=\"text-align: justify;\"><span style=\"mso-fareast-language: ES-TRAD;\">La oferta de formaci\u00f3n del CDA se dise\u00f1a a partir del an\u00e1lisis de tendencias del sector, la experiencia directa con empresas asesoradas y la colaboraci\u00f3n con organismos acad\u00e9micos y productivos. Nuestros programas se estructuran bajo una metodolog\u00eda flexible, pr\u00e1ctica y orientada a resultados, permitiendo que cada participante aplique los conocimientos adquiridos en su entorno laboral.<\/span><\/p>\n<p>[\/vc_column_text][vc_empty_space height=\u00bb17px\u00bb][\/vc_column][vc_column width=\u00bb1\/2&#8243;][vc_column_text css=\u00bb\u00bb]<\/p>\n<p class=\"MsoNoSpacing\" style=\"text-align: justify;\"><span style=\"mso-fareast-language: ES-TRAD;\">Ofrecemos\u00a0<strong>diplomados<\/strong>,\u00a0<strong>cursos<\/strong>,\u00a0<strong>talleres<\/strong>\u00a0y\u00a0<strong>seminarios especializados<\/strong>\u00a0que abordan temas de gesti\u00f3n, innovaci\u00f3n, sostenibilidad, liderazgo, administraci\u00f3n, comercializaci\u00f3n y transformaci\u00f3n tecnol\u00f3gica. Cada programa se desarrolla con un enfoque integral que combina fundamentos te\u00f3ricos, herramientas aplicadas y experiencias pr\u00e1cticas, contribuyendo al crecimiento personal y profesional de los participantes.<\/span><\/p>\n<p>[\/vc_column_text][vc_empty_space height=\u00bb17px\u00bb][\/vc_column][\/vc_row][vc_row css_animation=\u00bb\u00bb row_type=\u00bbrow\u00bb use_row_as_full_screen_section=\u00bbno\u00bb type=\u00bbgrid\u00bb angled_section=\u00bbno\u00bb text_align=\u00bbleft\u00bb background_image_as_pattern=\u00bbwithout_pattern\u00bb css=\u00bb.vc_custom_1481553027449{padding-top: 89px !important;padding-bottom: 32px !important;}\u00bb][vc_column width=\u00bb1\/2&#8243; offset=\u00bbvc_col-lg-6 vc_col-md-6&#8243;]<div class=\"qode-accordion-holder clearfix qode-toggle qode-initial \">\n\t<h4 class=\"clearfix qode-title-holder\">\n<span class=\"qode-tab-title\">\n\t\t\t<span class=\"qode-tab-title-icon\">\n\t\t\t<span aria-hidden=\"true\" class=\"qode_icon_font_elegant icon_document \" ><\/span>\t\t<\/span>\n\t    <span class=\"qode-tab-title-inner\">\n        DIPLOMADOS    <\/span>\n<\/span>\n<span class=\"qode-accordion-mark\">\n    <span class=\"qode-accordion-mark-icon\">\n        <span class=\"icon_plus\"><\/span>\n        <span class=\"icon_minus-06\"><\/span>\n    <\/span>\n<\/span>\n<\/h4>\n<div class=\"qode-accordion-content qode-acc-title-with-icon\" style=\"background-image: url(); padding: 20px 73px 62px 60px\">\n    <div class=\"qode-accordion-content-inner\">\n        [vc_column_text css=\u00bb\u00bb]<\/p>\n<p class=\"MsoNoSpacing\" style=\"text-align: justify;\"><span style=\"mso-fareast-language: ES-TRAD;\">Los diplomados representan un nivel avanzado de formaci\u00f3n continua, enfocado en el desarrollo de competencias gerenciales, t\u00e9cnicas y estrat\u00e9gicas. Est\u00e1n dirigidos a profesionales, empresarios y l\u00edderes del sector agroindustrial que buscan actualizar sus conocimientos o fortalecer \u00e1reas espec\u00edficas de su organizaci\u00f3n.<\/span><\/p>\n<p class=\"MsoNoSpacing\" style=\"text-align: justify;\"><span style=\"mso-fareast-language: ES-TRAD;\">Cada programa integra sesiones te\u00f3ricas, an\u00e1lisis de casos, actividades pr\u00e1cticas y herramientas digitales que facilitan la aplicaci\u00f3n inmediata del aprendizaje en la toma de decisiones empresariales. Los contenidos se actualizan constantemente para responder a los retos actuales de los agronegocios y la econom\u00eda regional.<\/span><\/p>\n<p>[\/vc_column_text]    <\/div>\n<\/div><h4 class=\"clearfix qode-title-holder\">\n<span class=\"qode-tab-title\">\n\t\t\t<span class=\"qode-tab-title-icon\">\n\t\t\t<span aria-hidden=\"true\" class=\"qode_icon_font_elegant icon_pencil-edit \" ><\/span>\t\t<\/span>\n\t    <span class=\"qode-tab-title-inner\">\n        SEMINARIOS Y CONFERENCIAS    <\/span>\n<\/span>\n<span class=\"qode-accordion-mark\">\n    <span class=\"qode-accordion-mark-icon\">\n        <span class=\"icon_plus\"><\/span>\n        <span class=\"icon_minus-06\"><\/span>\n    <\/span>\n<\/span>\n<\/h4>\n<div class=\"qode-accordion-content qode-acc-title-with-icon\" style=\"background-image: url(); padding: 20px 73px 62px 60px\">\n    <div class=\"qode-accordion-content-inner\">\n        [vc_column_text css=\u00bb\u00bb]<\/p>\n<p class=\"MsoNoSpacing\" style=\"text-align: justify;\"><span style=\"mso-fareast-language: ES-TRAD;\">Los seminarios y conferencias del CDA son espacios de encuentro y reflexi\u00f3n entre el sector acad\u00e9mico, productivo y gubernamental. A trav\u00e9s de ellos, se difunden conocimientos actualizados, tendencias del mercado, innovaciones tecnol\u00f3gicas y experiencias exitosas del sector agroindustrial.<\/span><\/p>\n<p class=\"MsoNoSpacing\" style=\"text-align: justify;\"><span style=\"mso-fareast-language: ES-TRAD;\">Estos espacios contribuyen a fortalecer la vinculaci\u00f3n universitaria y la transferencia de conocimiento, posicionando al CDA como un referente en la formaci\u00f3n continua y en la generaci\u00f3n de di\u00e1logo sobre el desarrollo sostenible, la competitividad y la innovaci\u00f3n empresarial.<\/span><\/p>\n<p>[\/vc_column_text]    <\/div>\n<\/div><h4 class=\"clearfix qode-title-holder\">\n<span class=\"qode-tab-title\">\n\t\t\t<span class=\"qode-tab-title-icon\">\n\t\t\t<span aria-hidden=\"true\" class=\"qode_icon_font_elegant icon_pencil \" ><\/span>\t\t<\/span>\n\t    <span class=\"qode-tab-title-inner\">\n        METODOLOGIA EDUCATIVA    <\/span>\n<\/span>\n<span class=\"qode-accordion-mark\">\n    <span class=\"qode-accordion-mark-icon\">\n        <span class=\"icon_plus\"><\/span>\n        <span class=\"icon_minus-06\"><\/span>\n    <\/span>\n<\/span>\n<\/h4>\n<div class=\"qode-accordion-content qode-acc-title-with-icon\" style=\"background-image: url(); padding: 20px 73px 62px 60px\">\n    <div class=\"qode-accordion-content-inner\">\n        [vc_column_text css=\u00bb\u00bb]<\/p>\n<p class=\"MsoNoSpacing\" style=\"text-align: justify;\"><span style=\"mso-fareast-language: ES-TRAD;\">Nuestro modelo formativo se basa en el principio de\u00a0<em>aprender haciendo<\/em>. Combinamos teor\u00eda y pr\u00e1ctica a trav\u00e9s de metodolog\u00edas activas que promueven la participaci\u00f3n, la resoluci\u00f3n de problemas reales y la aplicaci\u00f3n inmediata de los conocimientos.<\/span><\/p>\n<p class=\"MsoNoSpacing\" style=\"text-align: justify;\"><span style=\"mso-fareast-language: ES-TRAD;\">Todos los programas est\u00e1n orientados al desarrollo de competencias laborales, con evaluaciones que miden el impacto del aprendizaje y fomentan la mejora continua. Adem\u00e1s, cada curso o diplomado se enriquece con la participaci\u00f3n de expertos, acad\u00e9micos y profesionales del sector, garantizando contenidos actuales, pertinentes y de alto nivel.<\/span><\/p>\n<p>[\/vc_column_text]    <\/div>\n<\/div><h4 class=\"clearfix qode-title-holder\">\n<span class=\"qode-tab-title\">\n\t\t\t<span class=\"qode-tab-title-icon\">\n\t\t\t<span aria-hidden=\"true\" class=\"qode_icon_font_elegant icon_upload \" ><\/span>\t\t<\/span>\n\t    <span class=\"qode-tab-title-inner\">\n        VINCULACION Y COLABORACIONES    <\/span>\n<\/span>\n<span class=\"qode-accordion-mark\">\n    <span class=\"qode-accordion-mark-icon\">\n        <span class=\"icon_plus\"><\/span>\n        <span class=\"icon_minus-06\"><\/span>\n    <\/span>\n<\/span>\n<\/h4>\n<div class=\"qode-accordion-content qode-acc-title-with-icon\" style=\"background-image: url(); padding: 20px 73px 62px 60px\">\n    <div class=\"qode-accordion-content-inner\">\n        [vc_column_text css=\u00bb\u00bb]<\/p>\n<p class=\"MsoNoSpacing\" style=\"text-align: justify;\"><span style=\"mso-fareast-language: ES-TRAD;\">El \u00e1rea de Educaci\u00f3n Permanente del CDA trabaja de forma coordinada con facultades de la UANL, organismos empresariales y asociaciones sectoriales. Estas alianzas permiten ofrecer programas pertinentes, multidisciplinarios y con respaldo institucional.<\/span><\/p>\n<p class=\"MsoNoSpacing\" style=\"text-align: justify;\"><span style=\"mso-fareast-language: ES-TRAD;\">A trav\u00e9s de esta red de colaboraci\u00f3n, fortalecemos la transferencia de conocimiento entre la universidad y el sector productivo, asegurando que cada acci\u00f3n formativa contribuya de manera tangible al desarrollo de los agronegocios y al progreso regional.<\/span><\/p>\n<p>[\/vc_column_text]    <\/div>\n<\/div><\/div>[vc_empty_space height=\u00bb55px\u00bb][\/vc_column][vc_column width=\u00bb1\/2&#8243;]<div class=\"qode-accordion-holder clearfix qode-toggle qode-initial \">\n\t<h4 class=\"clearfix qode-title-holder\">\n<span class=\"qode-tab-title\">\n\t\t\t<span class=\"qode-tab-title-icon\">\n\t\t\t<span aria-hidden=\"true\" class=\"qode_icon_font_elegant icon_check \" ><\/span>\t\t<\/span>\n\t    <span class=\"qode-tab-title-inner\">\n        CURSOS Y TALLERES    <\/span>\n<\/span>\n<span class=\"qode-accordion-mark\">\n    <span class=\"qode-accordion-mark-icon\">\n        <span class=\"icon_plus\"><\/span>\n        <span class=\"icon_minus-06\"><\/span>\n    <\/span>\n<\/span>\n<\/h4>\n<div class=\"qode-accordion-content qode-acc-title-with-icon\" style=\"background-image: url(); padding: 20px 73px 62px 60px\">\n    <div class=\"qode-accordion-content-inner\">\n        [vc_column_text css=\u00bb\u00bb]<\/p>\n<p class=\"MsoNoSpacing\" style=\"text-align: justify;\"><span style=\"mso-fareast-language: ES-TRAD;\">Los cursos y talleres ofrecen capacitaci\u00f3n de corta duraci\u00f3n enfocada en la adquisici\u00f3n de habilidades espec\u00edficas. Su dise\u00f1o permite atender necesidades concretas de empresas, productores o emprendedores, en temas que van desde la administraci\u00f3n y las finanzas, hasta la gesti\u00f3n de procesos, liderazgo o comercializaci\u00f3n.<\/span><\/p>\n<p class=\"MsoNoSpacing\" style=\"text-align: justify;\"><span style=\"mso-fareast-language: ES-TRAD;\">Su formato flexible \u2014presencial, en l\u00ednea o mixto\u2014 permite una participaci\u00f3n accesible, fomentando la interacci\u00f3n, el aprendizaje colaborativo y la aplicaci\u00f3n pr\u00e1ctica del conocimiento. Cada curso busca generar resultados tangibles en la operaci\u00f3n y desempe\u00f1o de los participantes o sus organizaciones.<\/span><\/p>\n<p>[\/vc_column_text]    <\/div>\n<\/div><h4 class=\"clearfix qode-title-holder\">\n<span class=\"qode-tab-title\">\n\t\t\t<span class=\"qode-tab-title-icon\">\n\t\t\t<span aria-hidden=\"true\" class=\"qode_icon_font_elegant icon_genius \" ><\/span>\t\t<\/span>\n\t    <span class=\"qode-tab-title-inner\">\n        CAPACITACIONES A LA MEDIDA    <\/span>\n<\/span>\n<span class=\"qode-accordion-mark\">\n    <span class=\"qode-accordion-mark-icon\">\n        <span class=\"icon_plus\"><\/span>\n        <span class=\"icon_minus-06\"><\/span>\n    <\/span>\n<\/span>\n<\/h4>\n<div class=\"qode-accordion-content qode-acc-title-with-icon\" style=\"background-image: url(); padding: 20px 73px 62px 60px\">\n    <div class=\"qode-accordion-content-inner\">\n        [vc_column_text css=\u00bb\u00bb]<\/p>\n<p class=\"MsoNoSpacing\" style=\"text-align: justify;\"><span style=\"mso-fareast-language: ES-TRAD;\">El CDA tambi\u00e9n dise\u00f1a\u00a0<strong>programas de formaci\u00f3n personalizados<\/strong>\u00a0para empresas, asociaciones y organismos que buscan desarrollar competencias espec\u00edficas en su equipo de trabajo. Cada capacitaci\u00f3n se construye a partir de un diagn\u00f3stico previo, lo que permite ajustar los contenidos, metodolog\u00edas y herramientas a las necesidades de cada organizaci\u00f3n.<\/span><\/p>\n<p class=\"MsoNoSpacing\" style=\"text-align: justify;\"><span style=\"mso-fareast-language: ES-TRAD;\">Este enfoque garantiza un impacto directo en la productividad, la organizaci\u00f3n interna, la adopci\u00f3n tecnol\u00f3gica y la mejora de procesos, fortaleciendo la capacidad de las empresas para adaptarse a los cambios del entorno.<\/span><\/p>\n<p>[\/vc_column_text]    <\/div>\n<\/div><h4 class=\"clearfix qode-title-holder\">\n<span class=\"qode-tab-title\">\n\t\t\t<span class=\"qode-tab-title-icon\">\n\t\t\t<span aria-hidden=\"true\" class=\"qode_icon_font_elegant icon_table \" ><\/span>\t\t<\/span>\n\t    <span class=\"qode-tab-title-inner\">\n        RESULTADOS E IMPACTO    <\/span>\n<\/span>\n<span class=\"qode-accordion-mark\">\n    <span class=\"qode-accordion-mark-icon\">\n        <span class=\"icon_plus\"><\/span>\n        <span class=\"icon_minus-06\"><\/span>\n    <\/span>\n<\/span>\n<\/h4>\n<div class=\"qode-accordion-content qode-acc-title-with-icon\" style=\"background-image: url(); padding: 20px 73px 62px 60px\">\n    <div class=\"qode-accordion-content-inner\">\n        [vc_column_text css=\u00bb\u00bb]<\/p>\n<p class=\"MsoNoSpacing\" style=\"text-align: justify;\"><span style=\"mso-fareast-language: ES-TRAD;\">La estrategia de formaci\u00f3n continua del CDA ha permitido fortalecer las capacidades de cientos de participantes, promoviendo la profesionalizaci\u00f3n del sector agroindustrial y la generaci\u00f3n de proyectos m\u00e1s s\u00f3lidos y sostenibles.<\/span><\/p>\n<p class=\"MsoNoSpacing\" style=\"text-align: justify;\"><span style=\"mso-fareast-language: ES-TRAD;\">Nuestros programas contribuyen al desarrollo econ\u00f3mico regional, fomentan la innovaci\u00f3n y mejoran la competitividad de las empresas y organizaciones vinculadas. El aprendizaje adquirido se traduce en mejores decisiones, procesos m\u00e1s eficientes y un liderazgo m\u00e1s consciente dentro del ecosistema agroempresarial.<\/span><\/p>\n<p>[\/vc_column_text]    <\/div>\n<\/div><h4 class=\"clearfix qode-title-holder\">\n<span class=\"qode-tab-title\">\n\t\t\t<span class=\"qode-tab-title-icon\">\n\t\t\t<span aria-hidden=\"true\" class=\"qode_icon_font_elegant icon_paperclip \" ><\/span>\t\t<\/span>\n\t    <span class=\"qode-tab-title-inner\">\n        CERTIFICACION Y AVAL ACADEMICO    <\/span>\n<\/span>\n<span class=\"qode-accordion-mark\">\n    <span class=\"qode-accordion-mark-icon\">\n        <span class=\"icon_plus\"><\/span>\n        <span class=\"icon_minus-06\"><\/span>\n    <\/span>\n<\/span>\n<\/h4>\n<div class=\"qode-accordion-content qode-acc-title-with-icon\" style=\"background-image: url(); padding: 20px 73px 62px 60px\">\n    <div class=\"qode-accordion-content-inner\">\n        [vc_column_text css=\u00bb\u00bb]<\/p>\n<p class=\"MsoNoSpacing\" style=\"text-align: justify;\"><span style=\"mso-fareast-language: ES-TRAD;\">Todos los programas de formaci\u00f3n continua del CDA cuentan con\u00a0<strong>respaldo acad\u00e9mico de la Universidad Aut\u00f3noma de Nuevo Le\u00f3n<\/strong>, garantizando calidad, validez y reconocimiento institucional. Al concluir los programas, los participantes reciben constancias o diplomas que acreditan las competencias adquiridas.<\/span><\/p>\n<p>[\/vc_column_text]    <\/div>\n<\/div><\/div>[\/vc_column][\/vc_row]<\/p>\n<\/div>","protected":false},"excerpt":{"rendered":"<p>[vc_row css_animation=\u00bb\u00bb row_type=\u00bbrow\u00bb use_row_as_full_screen_section=\u00bbno\u00bb type=\u00bbfull_width\u00bb angled_section=\u00bbno\u00bb text_align=\u00bbleft\u00bb background_image_as_pattern=\u00bbwithout_pattern\u00bb][vc_column][vc_column_text css=\u00bb\u00bb] Comprometidos con el aprendizaje a lo largo de la vida [\/vc_column_text][vc_empty_space][\/vc_column][\/vc_row][vc_row css_animation=\u00bb\u00bb row_type=\u00bbrow\u00bb use_row_as_full_screen_section=\u00bbno\u00bb type=\u00bbfull_width\u00bb angled_section=\u00bbno\u00bb text_align=\u00bbleft\u00bb background_image_as_pattern=\u00bbwithout_pattern\u00bb][vc_column width=\u00bb1\/2&#8243;][vc_column_text css=\u00bb\u00bb] En el\u00a0Centro de Desarrollo de Agronegocios de la Universidad Aut\u00f3noma de Nuevo Le\u00f3n (CDA UANL) promovemos&#8230;<\/p>\n","protected":false},"author":3,"featured_media":0,"parent":0,"menu_order":0,"comment_status":"closed","ping_status":"closed","template":"","meta":{"footnotes":""},"class_list":["post-16661","page","type-page","status-publish","hentry"],"_links":{"self":[{"href":"https:\/\/agronegocios.uanl.mx\/index.php\/wp-json\/wp\/v2\/pages\/16661","targetHints":{"allow":["GET"]}}],"collection":[{"href":"https:\/\/agronegocios.uanl.mx\/index.php\/wp-json\/wp\/v2\/pages"}],"about":[{"href":"https:\/\/agronegocios.uanl.mx\/index.php\/wp-json\/wp\/v2\/types\/page"}],"author":[{"embeddable":true,"href":"https:\/\/agronegocios.uanl.mx\/index.php\/wp-json\/wp\/v2\/users\/3"}],"replies":[{"embeddable":true,"href":"https:\/\/agronegocios.uanl.mx\/index.php\/wp-json\/wp\/v2\/comments?post=16661"}],"version-history":[{"count":4,"href":"https:\/\/agronegocios.uanl.mx\/index.php\/wp-json\/wp\/v2\/pages\/16661\/revisions"}],"predecessor-version":[{"id":16698,"href":"https:\/\/agronegocios.uanl.mx\/index.php\/wp-json\/wp\/v2\/pages\/16661\/revisions\/16698"}],"wp:attachment":[{"href":"https:\/\/agronegocios.uanl.mx\/index.php\/wp-json\/wp\/v2\/media?parent=16661"}],"curies":[{"name":"wp","href":"https:\/\/api.w.org\/{rel}","templated":true}]}}