{"id":16685,"date":"2025-11-06T18:10:37","date_gmt":"2025-11-06T18:10:37","guid":{"rendered":"https:\/\/agronegocios.uanl.mx\/?page_id=16685"},"modified":"2025-11-06T18:38:52","modified_gmt":"2025-11-06T18:38:52","slug":"sdbc-2","status":"publish","type":"page","link":"https:\/\/agronegocios.uanl.mx\/index.php\/sdbc-2\/","title":{"rendered":"SDBC"},"content":{"rendered":"<div class=\"wpb-content-wrapper\"><p>[vc_row css_animation=\u00bb\u00bb row_type=\u00bbrow\u00bb use_row_as_full_screen_section=\u00bbno\u00bb type=\u00bbfull_width\u00bb angled_section=\u00bbno\u00bb text_align=\u00bbleft\u00bb background_image_as_pattern=\u00bbwithout_pattern\u00bb][vc_column][vc_column_text css=\u00bb\u00bb]<\/p>\n<h2>SDBC &#8211; Small Bussines Development Center<\/h2>\n<p>[\/vc_column_text][vc_empty_space][vc_column_text css=\u00bb\u00bb]<\/p>\n<h3 class=\"MsoNormal\" style=\"text-align: justify;\"><span style=\"font-family: 'Arial',sans-serif;\">Empleando la metodolog\u00eda de America\u2019s SBD<\/span><\/h3>\n<p>[\/vc_column_text][vc_empty_space height=\u00bb12px\u00bb][vc_column_text css=\u00bb\u00bb]<\/p>\n<p class=\"MsoNoSpacing\"><strong>Se elabora un diagn\u00f3stico de cada empresa y determinamos las \u00e1reas de oportunidad que le pueden dar a la empresa mayor eficiencia y hacerla m\u00e1s competitiva.<\/strong><\/p>\n<p class=\"MsoNoSpacing\"><strong>A trav\u00e9s de un grupo de asesores especializados se busca tener impacto en indicadores como: retenci\u00f3n de empleos, generaci\u00f3n de empleos, aumento en las ventas, entre otros.<\/strong><\/p>\n<p>[\/vc_column_text][vc_empty_space][\/vc_column][\/vc_row]<\/p>\n<\/div>","protected":false},"excerpt":{"rendered":"<p>[vc_row css_animation=\u00bb\u00bb row_type=\u00bbrow\u00bb use_row_as_full_screen_section=\u00bbno\u00bb type=\u00bbfull_width\u00bb angled_section=\u00bbno\u00bb text_align=\u00bbleft\u00bb background_image_as_pattern=\u00bbwithout_pattern\u00bb][vc_column][vc_column_text css=\u00bb\u00bb] SDBC &#8211; Small Bussines Development Center [\/vc_column_text][vc_empty_space][vc_column_text css=\u00bb\u00bb] Empleando la metodolog\u00eda de America\u2019s SBD [\/vc_column_text][vc_empty_space height=\u00bb12px\u00bb][vc_column_text css=\u00bb\u00bb] Se elabora un diagn\u00f3stico de cada empresa y determinamos las \u00e1reas de oportunidad que le pueden dar a la&#8230;<\/p>\n","protected":false},"author":3,"featured_media":0,"parent":0,"menu_order":0,"comment_status":"closed","ping_status":"closed","template":"","meta":{"footnotes":""},"class_list":["post-16685","page","type-page","status-publish","hentry"],"_links":{"self":[{"href":"https:\/\/agronegocios.uanl.mx\/index.php\/wp-json\/wp\/v2\/pages\/16685","targetHints":{"allow":["GET"]}}],"collection":[{"href":"https:\/\/agronegocios.uanl.mx\/index.php\/wp-json\/wp\/v2\/pages"}],"about":[{"href":"https:\/\/agronegocios.uanl.mx\/index.php\/wp-json\/wp\/v2\/types\/page"}],"author":[{"embeddable":true,"href":"https:\/\/agronegocios.uanl.mx\/index.php\/wp-json\/wp\/v2\/users\/3"}],"replies":[{"embeddable":true,"href":"https:\/\/agronegocios.uanl.mx\/index.php\/wp-json\/wp\/v2\/comments?post=16685"}],"version-history":[{"count":3,"href":"https:\/\/agronegocios.uanl.mx\/index.php\/wp-json\/wp\/v2\/pages\/16685\/revisions"}],"predecessor-version":[{"id":16692,"href":"https:\/\/agronegocios.uanl.mx\/index.php\/wp-json\/wp\/v2\/pages\/16685\/revisions\/16692"}],"wp:attachment":[{"href":"https:\/\/agronegocios.uanl.mx\/index.php\/wp-json\/wp\/v2\/media?parent=16685"}],"curies":[{"name":"wp","href":"https:\/\/api.w.org\/{rel}","templated":true}]}}